{"id":101000,"date":"2020-09-27T08:29:37","date_gmt":"2020-09-27T06:29:37","guid":{"rendered":"https:\/\/immopassionista.be\/evaluation-gratuite-de-votre-propriete-obtenez-la-valeur-de-votre-propriete-instantanement\/"},"modified":"2024-07-26T18:24:31","modified_gmt":"2024-07-26T16:24:31","slug":"evaluation-gratuite-de-votre-propriete-obtenez-la-valeur-de-votre-propriete-instantanement","status":"publish","type":"page","link":"https:\/\/immopassionista.be\/fr\/evaluation-gratuite-de-votre-propriete-obtenez-la-valeur-de-votre-propriete-instantanement\/","title":{"rendered":"\u00c9valuation gratuite de votre propri\u00e9t\u00e9 &#8211; Obtenez la valeur de votre propri\u00e9t\u00e9 instantan\u00e9ment"},"content":{"rendered":"<p>[et_pb_section fb_built=\u00a0\u00bb1&Prime; _builder_version=\u00a0\u00bb4.25.1&Prime; _module_preset=\u00a0\u00bbdefault\u00a0\u00bb use_background_color_gradient=\u00a0\u00bbon\u00a0\u00bb background_color_gradient_stops=\u00a0\u00bbrgba(255,2,53,0.21) 33%|rgba(41,196,169,0.41) 100%\u00a0\u00bb background_color_gradient_overlays_image=\u00a0\u00bbon\u00a0\u00bb background_image=\u00a0\u00bbhttps:\/\/immopassionista.be\/wp-content\/uploads\/2024\/06\/fullwidth-picture-post-content-website-1920&#215;580-2-1.png\u00a0\u00bb height=\u00a0\u00bb448px\u00a0\u00bb locked=\u00a0\u00bboff\u00a0\u00bb global_colors_info=\u00a0\u00bb{}\u00a0\u00bb][et_pb_row _builder_version=\u00a0\u00bb4.25.1&Prime; _module_preset=\u00a0\u00bbdefault\u00a0\u00bb custom_margin=\u00a0\u00bb48px|||67px|false|false\u00a0\u00bb global_colors_info=\u00a0\u00bb{}\u00a0\u00bb][et_pb_column type=\u00a0\u00bb4_4&Prime; _builder_version=\u00a0\u00bb4.16&Prime; _module_preset=\u00a0\u00bbdefault\u00a0\u00bb global_colors_info=\u00a0\u00bb{}\u00a0\u00bb][et_pb_text _builder_version=\u00a0\u00bb4.27.0&Prime; _module_preset=\u00a0\u00bbdefault\u00a0\u00bb text_font=\u00a0\u00bbSource Sans Pro|600|||||||\u00a0\u00bb text_text_color=\u00a0\u00bb#5BE3E3&Prime; text_font_size=\u00a0\u00bb24px\u00a0\u00bb custom_margin=\u00a0\u00bb||5px|-42px|false|false\u00a0\u00bb custom_padding=\u00a0\u00bb||1px|||\u00a0\u00bb hover_enabled=\u00a0\u00bb0&Prime; global_colors_info=\u00a0\u00bb{}\u00a0\u00bb text_orientation=\u00a0\u00bbcenter\u00a0\u00bb sticky_enabled=\u00a0\u00bb0&Prime;]<\/p>\n<p>Demandez votre<\/p>\n<p>[\/et_pb_text][et_pb_text module_class=\u00a0\u00bbh1_home\u00a0\u00bb _builder_version=\u00a0\u00bb4.27.0&Prime; _module_preset=\u00a0\u00bbdefault\u00a0\u00bb text_font_size=\u00a0\u00bb12px\u00a0\u00bb header_font=\u00a0\u00bbCantarell|&#8211;et_global_heading_font_weight||on|||||\u00a0\u00bb header_text_color=\u00a0\u00bb#ffffff\u00a0\u00bb header_font_size=\u00a0\u00bb80px\u00a0\u00bb custom_margin=\u00a0\u00bb||0px|-36px|false|false\u00a0\u00bb hover_enabled=\u00a0\u00bb0&Prime; header_font_size_tablet=\u00a0\u00bb64px\u00a0\u00bb header_font_size_phone=\u00a0\u00bb48px\u00a0\u00bb header_font_size_last_edited=\u00a0\u00bbon|tablet\u00a0\u00bb global_colors_info=\u00a0\u00bb{}\u00a0\u00bb header_text_align=\u00a0\u00bbcenter\u00a0\u00bb sticky_enabled=\u00a0\u00bb0&Prime;]<\/p>\n<h1>\u00e9valuation gratuite<\/h1>\n<p>[\/et_pb_text][\/et_pb_column][\/et_pb_row][\/et_pb_section][et_pb_section fb_built=\u00a0\u00bb1&Prime; custom_padding_last_edited=\u00a0\u00bbon|phone\u00a0\u00bb _builder_version=\u00a0\u00bb4.16&Prime; _module_preset=\u00a0\u00bbdefault\u00a0\u00bb background_image=\u00a0\u00bbhttps:\/\/immopassionista.be\/wp-content\/uploads\/2023\/08\/right-top.png\u00a0\u00bb background_size=\u00a0\u00bbinitial\u00a0\u00bb background_position=\u00a0\u00bbtop_right\u00a0\u00bb custom_margin=\u00a0\u00bb||||false|false\u00a0\u00bb custom_margin_tablet=\u00a0\u00bb\u00a0\u00bb custom_margin_phone=\u00a0\u00bb25px||||false|false\u00a0\u00bb custom_margin_last_edited=\u00a0\u00bbon|phone\u00a0\u00bb custom_padding=\u00a0\u00bb58px||0px||false|false\u00a0\u00bb custom_padding_tablet=\u00a0\u00bb\u00a0\u00bb custom_padding_phone=\u00a0\u00bb50px||||false|false\u00a0\u00bb background_last_edited=\u00a0\u00bbon|phone\u00a0\u00bb background_enable_image_phone=\u00a0\u00bboff\u00a0\u00bb global_colors_info=\u00a0\u00bb{}\u00a0\u00bb][et_pb_row module_class=\u00a0\u00bbcustom_row_width\u00a0\u00bb _builder_version=\u00a0\u00bb4.16&Prime; _module_preset=\u00a0\u00bbdefault\u00a0\u00bb custom_padding=\u00a0\u00bb0px||6px||false|false\u00a0\u00bb global_colors_info=\u00a0\u00bb{}\u00a0\u00bb][et_pb_column type=\u00a0\u00bb4_4&Prime; _builder_version=\u00a0\u00bb4.16&Prime; _module_preset=\u00a0\u00bbdefault\u00a0\u00bb global_colors_info=\u00a0\u00bb{}\u00a0\u00bb][et_pb_text _builder_version=\u00a0\u00bb4.27.0&Prime; _module_preset=\u00a0\u00bbdefault\u00a0\u00bb text_font_size=\u00a0\u00bb20px\u00a0\u00bb text_line_height=\u00a0\u00bb1.5em\u00a0\u00bb text_orientation=\u00a0\u00bbcenter\u00a0\u00bb width=\u00a0\u00bb60%\u00a0\u00bb width_tablet=\u00a0\u00bb100%\u00a0\u00bb width_phone=\u00a0\u00bb100%\u00a0\u00bb width_last_edited=\u00a0\u00bbon|phone\u00a0\u00bb module_alignment=\u00a0\u00bbcenter\u00a0\u00bb text_font_size_tablet=\u00a0\u00bb\u00a0\u00bb text_font_size_phone=\u00a0\u00bb18px\u00a0\u00bb text_font_size_last_edited=\u00a0\u00bbon|phone\u00a0\u00bb text_line_height_tablet=\u00a0\u00bb\u00a0\u00bb text_line_height_phone=\u00a0\u00bb1.7em\u00a0\u00bb text_line_height_last_edited=\u00a0\u00bbon|phone\u00a0\u00bb locked=\u00a0\u00bboff\u00a0\u00bb global_colors_info=\u00a0\u00bb{}\u00a0\u00bb]<\/p>\n<p>Si vous envisagez de vendre votre propri\u00e9t\u00e9, nous pouvons vous offrir une \u00e9valuation gratuite de votre maison, \u00e9valu\u00e9e par une experte. <br \/>Remplissez le formulaire ci-dessous et nous vous contacterons.<\/p>\n<p>[\/et_pb_text][\/et_pb_column][\/et_pb_row][et_pb_row _builder_version=\u00a0\u00bb4.16&Prime; _module_preset=\u00a0\u00bbdefault\u00a0\u00bb positioning=\u00a0\u00bbabsolute\u00a0\u00bb position_origin_a=\u00a0\u00bbbottom_center\u00a0\u00bb vertical_offset=\u00a0\u00bb-34px\u00a0\u00bb z_index=\u00a0\u00bb-1&Prime; max_width=\u00a0\u00bb1600px\u00a0\u00bb global_colors_info=\u00a0\u00bb{}\u00a0\u00bb][et_pb_column type=\u00a0\u00bb4_4&Prime; _builder_version=\u00a0\u00bb4.16&Prime; _module_preset=\u00a0\u00bbdefault\u00a0\u00bb global_colors_info=\u00a0\u00bb{}\u00a0\u00bb][et_pb_image src=\u00a0\u00bbhttps:\/\/immopassionista.be\/wp-content\/uploads\/2023\/08\/triangle-right-bottom-1.png\u00a0\u00bb align=\u00a0\u00bbright\u00a0\u00bb disabled_on=\u00a0\u00bbon|off|off\u00a0\u00bb _builder_version=\u00a0\u00bb4.16&Prime; _module_preset=\u00a0\u00bbdefault\u00a0\u00bb global_colors_info=\u00a0\u00bb{}\u00a0\u00bb][\/et_pb_image][\/et_pb_column][\/et_pb_row][\/et_pb_section][et_pb_section fb_built=\u00a0\u00bb1&Prime; _builder_version=\u00a0\u00bb4.16&Prime; _module_preset=\u00a0\u00bbdefault\u00a0\u00bb custom_padding=\u00a0\u00bb0px||0px||false|false\u00a0\u00bb global_colors_info=\u00a0\u00bb{}\u00a0\u00bb][et_pb_row _builder_version=\u00a0\u00bb4.25.1&Prime; _module_preset=\u00a0\u00bbdefault\u00a0\u00bb custom_padding=\u00a0\u00bb||69px|||\u00a0\u00bb global_colors_info=\u00a0\u00bb{}\u00a0\u00bb][et_pb_column type=\u00a0\u00bb4_4&Prime; module_class=\u00a0\u00bbcontact_v1_column_form\u00a0\u00bb _builder_version=\u00a0\u00bb4.25.1&Prime; _module_preset=\u00a0\u00bbdefault\u00a0\u00bb use_background_color_gradient=\u00a0\u00bbon\u00a0\u00bb background_color_gradient_stops=\u00a0\u00bbrgba(91,227,227,0.61) 0%|rgba(161,226,226,0.24) 98%\u00a0\u00bb background_color_gradient_overlays_image=\u00a0\u00bbon\u00a0\u00bb background_color_gradient_start=\u00a0\u00bbrgba(0,0,0,0.8)\u00a0\u00bb background_color_gradient_end=\u00a0\u00bbrgba(0,0,0,0.8)\u00a0\u00bb background_image=\u00a0\u00bbhttps:\/\/immopassionista.be\/wp-content\/uploads\/2024\/06\/2.png\u00a0\u00bb custom_padding=\u00a0\u00bb75px|125px|75px|125px|true|true\u00a0\u00bb custom_padding_tablet=\u00a0\u00bb|75px||75px|true|true\u00a0\u00bb custom_padding_phone=\u00a0\u00bb50px|35px|50px|35px|true|true\u00a0\u00bb custom_padding_last_edited=\u00a0\u00bbon|phone\u00a0\u00bb border_radii=\u00a0\u00bbon|15px|15px|15px|15px\u00a0\u00bb global_colors_info=\u00a0\u00bb{}\u00a0\u00bb][et_pb_contact_form email=\u00a0\u00bbmarketing@immopassionista.be\u00a0\u00bb title=\u00a0\u00bbDemande d&rsquo;\u00e9valuation gratuite:\u00a0\u00bb success_message=\u00a0\u00bbVous avez r\u00e9ussi \u00e0 r\u00e9clamer votre \u00e9valuation gratuite de votre maison !\u00a0\u00bb submit_button_text=\u00a0\u00bbLe r\u00e9clamer maintenant\u00a0\u00bb _builder_version=\u00a0\u00bb4.27.0&Prime; _module_preset=\u00a0\u00bbdefault\u00a0\u00bb _unique_id=\u00a0\u00bbab700cd5-92d1-4253-9349-0bf328d1929b\u00a0\u00bb form_field_background_color=\u00a0\u00bbrgba(120,120,120,0.28)\u00a0\u00bb form_field_text_color=\u00a0\u00bb#ffffff\u00a0\u00bb form_field_focus_text_color=\u00a0\u00bb#FFFFFF\u00a0\u00bb form_field_custom_padding=\u00a0\u00bb20px|20px|20px|20px|true|true\u00a0\u00bb captcha_font=\u00a0\u00bb|600|||||||\u00a0\u00bb captcha_text_color=\u00a0\u00bb#29021E\u00a0\u00bb custom_button=\u00a0\u00bbon\u00a0\u00bb button_text_size=\u00a0\u00bb16px\u00a0\u00bb button_text_color=\u00a0\u00bb#F8F8F9&Prime; button_bg_color=\u00a0\u00bb#FF0235&Prime; button_border_width=\u00a0\u00bb0px\u00a0\u00bb button_font=\u00a0\u00bb|700|||||||\u00a0\u00bb button_use_icon=\u00a0\u00bboff\u00a0\u00bb hover_enabled=\u00a0\u00bb0&Prime; border_radii=\u00a0\u00bbon|3px|3px|3px|3px\u00a0\u00bb border_width_all=\u00a0\u00bb1px\u00a0\u00bb border_color_all=\u00a0\u00bb#898989&Prime; locked=\u00a0\u00bboff\u00a0\u00bb global_colors_info=\u00a0\u00bb{%22gcid-3cf13b05-441f-4a04-90d1-eafe4f681c6e%22:%91%22button_bg_color_gradient_stops%22,%22button_bg_color_gradient_stops%22,%22button_bg_color_gradient_stops%22,%22button_bg_color_gradient_stops%22%93}\u00a0\u00bb button_bg_color__hover_enabled=\u00a0\u00bbon|hover\u00a0\u00bb button_bg_use_color_gradient__hover=\u00a0\u00bboff\u00a0\u00bb button_bg_color__hover=\u00a0\u00bb#5BE3E3&Prime; button_bg_enable_color__hover=\u00a0\u00bbon\u00a0\u00bb button_text_color__hover=\u00a0\u00bb#F8F8F9&Prime; button_text_color__hover_enabled=\u00a0\u00bbon|desktop\u00a0\u00bb title_text_color=\u00a0\u00bbRGBA(255,255,255,0)\u00a0\u00bb sticky_enabled=\u00a0\u00bb0&Prime;][et_pb_contact_field field_id=\u00a0\u00bbFirst_name\u00a0\u00bb field_title=\u00a0\u00bbPr\u00e9nom\u00a0\u00bb _builder_version=\u00a0\u00bb4.25.1&Prime; form_field_text_color=\u00a0\u00bb#29021E\u00a0\u00bb global_colors_info=\u00a0\u00bb{}\u00a0\u00bb button_text_size__hover_enabled=\u00a0\u00bboff\u00a0\u00bb button_one_text_size__hover_enabled=\u00a0\u00bboff\u00a0\u00bb button_two_text_size__hover_enabled=\u00a0\u00bboff\u00a0\u00bb button_text_color__hover_enabled=\u00a0\u00bboff\u00a0\u00bb button_one_text_color__hover_enabled=\u00a0\u00bboff\u00a0\u00bb button_two_text_color__hover_enabled=\u00a0\u00bboff\u00a0\u00bb button_border_width__hover_enabled=\u00a0\u00bboff\u00a0\u00bb button_one_border_width__hover_enabled=\u00a0\u00bboff\u00a0\u00bb button_two_border_width__hover_enabled=\u00a0\u00bboff\u00a0\u00bb button_border_color__hover_enabled=\u00a0\u00bboff\u00a0\u00bb button_one_border_color__hover_enabled=\u00a0\u00bboff\u00a0\u00bb button_two_border_color__hover_enabled=\u00a0\u00bboff\u00a0\u00bb button_border_radius__hover_enabled=\u00a0\u00bboff\u00a0\u00bb button_one_border_radius__hover_enabled=\u00a0\u00bboff\u00a0\u00bb button_two_border_radius__hover_enabled=\u00a0\u00bboff\u00a0\u00bb button_letter_spacing__hover_enabled=\u00a0\u00bboff\u00a0\u00bb button_one_letter_spacing__hover_enabled=\u00a0\u00bboff\u00a0\u00bb button_two_letter_spacing__hover_enabled=\u00a0\u00bboff\u00a0\u00bb button_bg_color__hover_enabled=\u00a0\u00bboff\u00a0\u00bb button_one_bg_color__hover_enabled=\u00a0\u00bboff\u00a0\u00bb button_two_bg_color__hover_enabled=\u00a0\u00bboff\u00a0\u00bb][\/et_pb_contact_field][et_pb_contact_field field_id=\u00a0\u00bbLast_Name\u00a0\u00bb field_title=\u00a0\u00bbNom de famille\u00a0\u00bb _builder_version=\u00a0\u00bb4.16&Prime; form_field_text_color=\u00a0\u00bb#29021E\u00a0\u00bb global_colors_info=\u00a0\u00bb{}\u00a0\u00bb button_text_size__hover_enabled=\u00a0\u00bboff\u00a0\u00bb button_one_text_size__hover_enabled=\u00a0\u00bboff\u00a0\u00bb button_two_text_size__hover_enabled=\u00a0\u00bboff\u00a0\u00bb button_text_color__hover_enabled=\u00a0\u00bboff\u00a0\u00bb button_one_text_color__hover_enabled=\u00a0\u00bboff\u00a0\u00bb button_two_text_color__hover_enabled=\u00a0\u00bboff\u00a0\u00bb button_border_width__hover_enabled=\u00a0\u00bboff\u00a0\u00bb button_one_border_width__hover_enabled=\u00a0\u00bboff\u00a0\u00bb button_two_border_width__hover_enabled=\u00a0\u00bboff\u00a0\u00bb button_border_color__hover_enabled=\u00a0\u00bboff\u00a0\u00bb button_one_border_color__hover_enabled=\u00a0\u00bboff\u00a0\u00bb button_two_border_color__hover_enabled=\u00a0\u00bboff\u00a0\u00bb button_border_radius__hover_enabled=\u00a0\u00bboff\u00a0\u00bb button_one_border_radius__hover_enabled=\u00a0\u00bboff\u00a0\u00bb button_two_border_radius__hover_enabled=\u00a0\u00bboff\u00a0\u00bb button_letter_spacing__hover_enabled=\u00a0\u00bboff\u00a0\u00bb button_one_letter_spacing__hover_enabled=\u00a0\u00bboff\u00a0\u00bb button_two_letter_spacing__hover_enabled=\u00a0\u00bboff\u00a0\u00bb button_bg_color__hover_enabled=\u00a0\u00bboff\u00a0\u00bb button_one_bg_color__hover_enabled=\u00a0\u00bboff\u00a0\u00bb button_two_bg_color__hover_enabled=\u00a0\u00bboff\u00a0\u00bb][\/et_pb_contact_field][et_pb_contact_field field_id=\u00a0\u00bbEmail\u00a0\u00bb field_title=\u00a0\u00bbAdresse \u00e9lectronique\u00a0\u00bb field_type=\u00a0\u00bbemail\u00a0\u00bb _builder_version=\u00a0\u00bb4.16&Prime; form_field_text_color=\u00a0\u00bb#29021E\u00a0\u00bb global_colors_info=\u00a0\u00bb{}\u00a0\u00bb button_text_size__hover_enabled=\u00a0\u00bboff\u00a0\u00bb button_one_text_size__hover_enabled=\u00a0\u00bboff\u00a0\u00bb button_two_text_size__hover_enabled=\u00a0\u00bboff\u00a0\u00bb button_text_color__hover_enabled=\u00a0\u00bboff\u00a0\u00bb button_one_text_color__hover_enabled=\u00a0\u00bboff\u00a0\u00bb button_two_text_color__hover_enabled=\u00a0\u00bboff\u00a0\u00bb button_border_width__hover_enabled=\u00a0\u00bboff\u00a0\u00bb button_one_border_width__hover_enabled=\u00a0\u00bboff\u00a0\u00bb button_two_border_width__hover_enabled=\u00a0\u00bboff\u00a0\u00bb button_border_color__hover_enabled=\u00a0\u00bboff\u00a0\u00bb button_one_border_color__hover_enabled=\u00a0\u00bboff\u00a0\u00bb button_two_border_color__hover_enabled=\u00a0\u00bboff\u00a0\u00bb button_border_radius__hover_enabled=\u00a0\u00bboff\u00a0\u00bb button_one_border_radius__hover_enabled=\u00a0\u00bboff\u00a0\u00bb button_two_border_radius__hover_enabled=\u00a0\u00bboff\u00a0\u00bb button_letter_spacing__hover_enabled=\u00a0\u00bboff\u00a0\u00bb button_one_letter_spacing__hover_enabled=\u00a0\u00bboff\u00a0\u00bb button_two_letter_spacing__hover_enabled=\u00a0\u00bboff\u00a0\u00bb button_bg_color__hover_enabled=\u00a0\u00bboff\u00a0\u00bb button_one_bg_color__hover_enabled=\u00a0\u00bboff\u00a0\u00bb button_two_bg_color__hover_enabled=\u00a0\u00bboff\u00a0\u00bb][\/et_pb_contact_field][et_pb_contact_field field_id=\u00a0\u00bbPhone\u00a0\u00bb field_title=\u00a0\u00bbNum\u00e9ro de t\u00e9l\u00e9phone\u00a0\u00bb _builder_version=\u00a0\u00bb4.16&Prime; _module_preset=\u00a0\u00bbdefault\u00a0\u00bb form_field_text_color=\u00a0\u00bb#29021E\u00a0\u00bb global_colors_info=\u00a0\u00bb{}\u00a0\u00bb][\/et_pb_contact_field][et_pb_contact_field field_id=\u00a0\u00bbMessage\u00a0\u00bb field_title=\u00a0\u00bbVeuillez indiquer pour quel type de propri\u00e9t\u00e9 vous souhaitez demander une \u00e9valuation gratuite\u00a0\u00bb field_type=\u00a0\u00bbtext\u00a0\u00bb fullwidth_field=\u00a0\u00bbon\u00a0\u00bb _builder_version=\u00a0\u00bb4.27.0&Prime; _module_preset=\u00a0\u00bbdefault\u00a0\u00bb form_field_text_color=\u00a0\u00bb#29021E\u00a0\u00bb global_colors_info=\u00a0\u00bb{}\u00a0\u00bb][\/et_pb_contact_field][\/et_pb_contact_form][\/et_pb_column][\/et_pb_row][et_pb_row _builder_version=\u00a0\u00bb4.25.1&Prime; _module_preset=\u00a0\u00bbdefault\u00a0\u00bb global_colors_info=\u00a0\u00bb{}\u00a0\u00bb][et_pb_column type=\u00a0\u00bb4_4&Prime; _builder_version=\u00a0\u00bb4.25.1&Prime; _module_preset=\u00a0\u00bbdefault\u00a0\u00bb global_colors_info=\u00a0\u00bb{}\u00a0\u00bb][et_pb_image src=\u00a0\u00bbhttps:\/\/immopassionista.be\/wp-content\/uploads\/2024\/06\/Hart-los-groen-900px.png\u00a0\u00bb title_text=\u00a0\u00bbHart los groen 900px\u00a0\u00bb align=\u00a0\u00bbcenter\u00a0\u00bb _builder_version=\u00a0\u00bb4.25.1&Prime; _module_preset=\u00a0\u00bbdefault\u00a0\u00bb module_alignment=\u00a0\u00bbcenter\u00a0\u00bb height=\u00a0\u00bb100px\u00a0\u00bb custom_margin=\u00a0\u00bb-83px||-83px||true|false\u00a0\u00bb custom_padding=\u00a0\u00bb8px||||false|false\u00a0\u00bb animation_style=\u00a0\u00bbfade\u00a0\u00bb animation_duration=\u00a0\u00bb1550ms\u00a0\u00bb animation_delay=\u00a0\u00bb100ms\u00a0\u00bb animation_starting_opacity=\u00a0\u00bb18%\u00a0\u00bb locked=\u00a0\u00bboff\u00a0\u00bb global_colors_info=\u00a0\u00bb{}\u00a0\u00bb][\/et_pb_image][\/et_pb_column][\/et_pb_row][\/et_pb_section]<\/p>\n","protected":false},"excerpt":{"rendered":"<p>Demandez votre\u00e9valuation gratuiteSi vous envisagez de vendre votre propri\u00e9t\u00e9, nous pouvons vous offrir une \u00e9valuation gratuite de votre maison, \u00e9valu\u00e9e par une experte. Remplissez le formulaire ci-dessous et nous vous contacterons.<\/p>\n","protected":false},"author":1,"featured_media":0,"parent":0,"menu_order":0,"comment_status":"closed","ping_status":"closed","template":"","meta":{"_et_pb_use_builder":"on","_et_pb_old_content":"","_et_gb_content_width":"","footnotes":""},"class_list":["post-101000","page","type-page","status-publish","hentry"],"yoast_head":"<!-- This site is optimized with the Yoast SEO plugin v27.6 - https:\/\/yoast.com\/product\/yoast-seo-wordpress\/ -->\n<title>\u00c9valuation gratuite de votre propri\u00e9t\u00e9 - Obtenez la valeur de votre propri\u00e9t\u00e9 instantan\u00e9ment - Immo Passionista<\/title>\n<meta name=\"description\" content=\"D\u00e9couvrez la valeur marchande de votre maison gr\u00e2ce \u00e0 notre outil d&#039;\u00e9valuation gratuit et instantan\u00e9. Entrez simplement vos coordonn\u00e9es pour commencer \u00e0 maximiser le potentiel de votre propri\u00e9t\u00e9 d\u00e8s aujourd&#039;hui !\" \/>\n<meta name=\"robots\" content=\"index, follow, max-snippet:-1, max-image-preview:large, max-video-preview:-1\" \/>\n<link rel=\"canonical\" href=\"https:\/\/immopassionista.be\/fr\/evaluation-gratuite-de-votre-propriete-obtenez-la-valeur-de-votre-propriete-instantanement\/\" \/>\n<meta property=\"og:locale\" content=\"fr_FR\" \/>\n<meta property=\"og:type\" content=\"article\" \/>\n<meta property=\"og:title\" content=\"\u00c9valuation gratuite de votre propri\u00e9t\u00e9 - Obtenez la valeur de votre propri\u00e9t\u00e9 instantan\u00e9ment - Immo Passionista\" \/>\n<meta property=\"og:description\" content=\"D\u00e9couvrez la valeur marchande de votre maison gr\u00e2ce \u00e0 notre outil d&#039;\u00e9valuation gratuit et instantan\u00e9. Entrez simplement vos coordonn\u00e9es pour commencer \u00e0 maximiser le potentiel de votre propri\u00e9t\u00e9 d\u00e8s aujourd&#039;hui !\" \/>\n<meta property=\"og:url\" content=\"https:\/\/immopassionista.be\/fr\/evaluation-gratuite-de-votre-propriete-obtenez-la-valeur-de-votre-propriete-instantanement\/\" \/>\n<meta property=\"og:site_name\" content=\"Immo Passionista\" \/>\n<meta property=\"article:modified_time\" content=\"2024-07-26T16:24:31+00:00\" \/>\n<meta name=\"twitter:card\" content=\"summary_large_image\" \/>\n<meta name=\"twitter:label1\" content=\"Dur\u00e9e de lecture estim\u00e9e\" \/>\n\t<meta name=\"twitter:data1\" content=\"8 minutes\" \/>\n<script type=\"application\/ld+json\" class=\"yoast-schema-graph\">{\"@context\":\"https:\\\/\\\/schema.org\",\"@graph\":[{\"@type\":\"WebPage\",\"@id\":\"https:\\\/\\\/immopassionista.be\\\/fr\\\/evaluation-gratuite-de-votre-propriete-obtenez-la-valeur-de-votre-propriete-instantanement\\\/\",\"url\":\"https:\\\/\\\/immopassionista.be\\\/fr\\\/evaluation-gratuite-de-votre-propriete-obtenez-la-valeur-de-votre-propriete-instantanement\\\/\",\"name\":\"\u00c9valuation gratuite de votre propri\u00e9t\u00e9 - Obtenez la valeur de votre propri\u00e9t\u00e9 instantan\u00e9ment - Immo Passionista\",\"isPartOf\":{\"@id\":\"https:\\\/\\\/immopassionista.be\\\/fr\\\/#website\"},\"datePublished\":\"2020-09-27T06:29:37+00:00\",\"dateModified\":\"2024-07-26T16:24:31+00:00\",\"description\":\"D\u00e9couvrez la valeur marchande de votre maison gr\u00e2ce \u00e0 notre outil d'\u00e9valuation gratuit et instantan\u00e9. Entrez simplement vos coordonn\u00e9es pour commencer \u00e0 maximiser le potentiel de votre propri\u00e9t\u00e9 d\u00e8s aujourd'hui !\",\"breadcrumb\":{\"@id\":\"https:\\\/\\\/immopassionista.be\\\/fr\\\/evaluation-gratuite-de-votre-propriete-obtenez-la-valeur-de-votre-propriete-instantanement\\\/#breadcrumb\"},\"inLanguage\":\"fr-FR\",\"potentialAction\":[{\"@type\":\"ReadAction\",\"target\":[\"https:\\\/\\\/immopassionista.be\\\/fr\\\/evaluation-gratuite-de-votre-propriete-obtenez-la-valeur-de-votre-propriete-instantanement\\\/\"]}]},{\"@type\":\"BreadcrumbList\",\"@id\":\"https:\\\/\\\/immopassionista.be\\\/fr\\\/evaluation-gratuite-de-votre-propriete-obtenez-la-valeur-de-votre-propriete-instantanement\\\/#breadcrumb\",\"itemListElement\":[{\"@type\":\"ListItem\",\"position\":1,\"name\":\"Home\",\"item\":\"https:\\\/\\\/immopassionista.be\\\/fr\\\/\"},{\"@type\":\"ListItem\",\"position\":2,\"name\":\"\u00c9valuation gratuite de votre propri\u00e9t\u00e9 &#8211; Obtenez la valeur de votre propri\u00e9t\u00e9 instantan\u00e9ment\"}]},{\"@type\":\"WebSite\",\"@id\":\"https:\\\/\\\/immopassionista.be\\\/fr\\\/#website\",\"url\":\"https:\\\/\\\/immopassionista.be\\\/fr\\\/\",\"name\":\"Immo Passionista\",\"description\":\"\",\"potentialAction\":[{\"@type\":\"SearchAction\",\"target\":{\"@type\":\"EntryPoint\",\"urlTemplate\":\"https:\\\/\\\/immopassionista.be\\\/fr\\\/?s={search_term_string}\"},\"query-input\":{\"@type\":\"PropertyValueSpecification\",\"valueRequired\":true,\"valueName\":\"search_term_string\"}}],\"inLanguage\":\"fr-FR\"}]}<\/script>\n<!-- \/ Yoast SEO plugin. -->","yoast_head_json":{"title":"\u00c9valuation gratuite de votre propri\u00e9t\u00e9 - Obtenez la valeur de votre propri\u00e9t\u00e9 instantan\u00e9ment - Immo Passionista","description":"D\u00e9couvrez la valeur marchande de votre maison gr\u00e2ce \u00e0 notre outil d'\u00e9valuation gratuit et instantan\u00e9. Entrez simplement vos coordonn\u00e9es pour commencer \u00e0 maximiser le potentiel de votre propri\u00e9t\u00e9 d\u00e8s aujourd'hui !","robots":{"index":"index","follow":"follow","max-snippet":"max-snippet:-1","max-image-preview":"max-image-preview:large","max-video-preview":"max-video-preview:-1"},"canonical":"https:\/\/immopassionista.be\/fr\/evaluation-gratuite-de-votre-propriete-obtenez-la-valeur-de-votre-propriete-instantanement\/","og_locale":"fr_FR","og_type":"article","og_title":"\u00c9valuation gratuite de votre propri\u00e9t\u00e9 - Obtenez la valeur de votre propri\u00e9t\u00e9 instantan\u00e9ment - Immo Passionista","og_description":"D\u00e9couvrez la valeur marchande de votre maison gr\u00e2ce \u00e0 notre outil d'\u00e9valuation gratuit et instantan\u00e9. Entrez simplement vos coordonn\u00e9es pour commencer \u00e0 maximiser le potentiel de votre propri\u00e9t\u00e9 d\u00e8s aujourd'hui !","og_url":"https:\/\/immopassionista.be\/fr\/evaluation-gratuite-de-votre-propriete-obtenez-la-valeur-de-votre-propriete-instantanement\/","og_site_name":"Immo Passionista","article_modified_time":"2024-07-26T16:24:31+00:00","twitter_card":"summary_large_image","twitter_misc":{"Dur\u00e9e de lecture estim\u00e9e":"8 minutes"},"schema":{"@context":"https:\/\/schema.org","@graph":[{"@type":"WebPage","@id":"https:\/\/immopassionista.be\/fr\/evaluation-gratuite-de-votre-propriete-obtenez-la-valeur-de-votre-propriete-instantanement\/","url":"https:\/\/immopassionista.be\/fr\/evaluation-gratuite-de-votre-propriete-obtenez-la-valeur-de-votre-propriete-instantanement\/","name":"\u00c9valuation gratuite de votre propri\u00e9t\u00e9 - Obtenez la valeur de votre propri\u00e9t\u00e9 instantan\u00e9ment - Immo Passionista","isPartOf":{"@id":"https:\/\/immopassionista.be\/fr\/#website"},"datePublished":"2020-09-27T06:29:37+00:00","dateModified":"2024-07-26T16:24:31+00:00","description":"D\u00e9couvrez la valeur marchande de votre maison gr\u00e2ce \u00e0 notre outil d'\u00e9valuation gratuit et instantan\u00e9. Entrez simplement vos coordonn\u00e9es pour commencer \u00e0 maximiser le potentiel de votre propri\u00e9t\u00e9 d\u00e8s aujourd'hui !","breadcrumb":{"@id":"https:\/\/immopassionista.be\/fr\/evaluation-gratuite-de-votre-propriete-obtenez-la-valeur-de-votre-propriete-instantanement\/#breadcrumb"},"inLanguage":"fr-FR","potentialAction":[{"@type":"ReadAction","target":["https:\/\/immopassionista.be\/fr\/evaluation-gratuite-de-votre-propriete-obtenez-la-valeur-de-votre-propriete-instantanement\/"]}]},{"@type":"BreadcrumbList","@id":"https:\/\/immopassionista.be\/fr\/evaluation-gratuite-de-votre-propriete-obtenez-la-valeur-de-votre-propriete-instantanement\/#breadcrumb","itemListElement":[{"@type":"ListItem","position":1,"name":"Home","item":"https:\/\/immopassionista.be\/fr\/"},{"@type":"ListItem","position":2,"name":"\u00c9valuation gratuite de votre propri\u00e9t\u00e9 &#8211; Obtenez la valeur de votre propri\u00e9t\u00e9 instantan\u00e9ment"}]},{"@type":"WebSite","@id":"https:\/\/immopassionista.be\/fr\/#website","url":"https:\/\/immopassionista.be\/fr\/","name":"Immo Passionista","description":"","potentialAction":[{"@type":"SearchAction","target":{"@type":"EntryPoint","urlTemplate":"https:\/\/immopassionista.be\/fr\/?s={search_term_string}"},"query-input":{"@type":"PropertyValueSpecification","valueRequired":true,"valueName":"search_term_string"}}],"inLanguage":"fr-FR"}]}},"jetpack_sharing_enabled":true,"_links":{"self":[{"href":"https:\/\/immopassionista.be\/fr\/wp-json\/wp\/v2\/pages\/101000","targetHints":{"allow":["GET"]}}],"collection":[{"href":"https:\/\/immopassionista.be\/fr\/wp-json\/wp\/v2\/pages"}],"about":[{"href":"https:\/\/immopassionista.be\/fr\/wp-json\/wp\/v2\/types\/page"}],"author":[{"embeddable":true,"href":"https:\/\/immopassionista.be\/fr\/wp-json\/wp\/v2\/users\/1"}],"replies":[{"embeddable":true,"href":"https:\/\/immopassionista.be\/fr\/wp-json\/wp\/v2\/comments?post=101000"}],"version-history":[{"count":12,"href":"https:\/\/immopassionista.be\/fr\/wp-json\/wp\/v2\/pages\/101000\/revisions"}],"predecessor-version":[{"id":102105,"href":"https:\/\/immopassionista.be\/fr\/wp-json\/wp\/v2\/pages\/101000\/revisions\/102105"}],"wp:attachment":[{"href":"https:\/\/immopassionista.be\/fr\/wp-json\/wp\/v2\/media?parent=101000"}],"curies":[{"name":"wp","href":"https:\/\/api.w.org\/{rel}","templated":true}]}}